{"id":296,"date":"2022-07-28T18:57:19","date_gmt":"2022-07-28T18:57:19","guid":{"rendered":"http:\/\/idupem.idu.edu.tr\/?page_id=296"},"modified":"2022-10-02T18:04:22","modified_gmt":"2022-10-02T18:04:22","slug":"registration","status":"publish","type":"page","link":"https:\/\/idupem.idu.edu.tr\/en\/registration\/","title":{"rendered":"REGISTRATION"},"content":{"rendered":"\n<p>The symposium will be held in English and Turkish in Izmir Democracy University main campus, Izmir. In general, presentations will be realized face-to-face, but it will be possible to make online presentations (by Microsoft Teams) for participants from outside the city.<br><br>Student sessions will be open to papers generated in the context of MSc and PhD thesis\/studies. Student sessions will be also open to BSc students who have studies supported by TUBITAK 2209-A and 2209-B programs.<br>\u00a0<br>Student sessions is limited with 40 papers.<\/p>\n\n\n\n<hr class=\"wp-block-separator is-style-wide\"\/>\n\n\n\n<p>At least one of the authors of each accepted paper must register for the symposium.<\/p>\n\n\n\n<p>Registration fees are listed below:<\/p>\n\n\n\n<p>Ordinary session participants:<br>Early registration 600 TL, Late registration 650TL (includes one paper).<br>Second Paper:<br>Early registration 350TL, Late registration 400TL.<br>International Registration $50<\/p>\n\n\n\n<p>Student session participants:<br>In case all the authors of the papers are students, the registration fee:<\/p>\n\n\n\n<p>(If you will attend the student session, please indicate this in the &#8221;Optional Comments&#8221; section when submitting your paper.) <br>Early registration 350TL, Late registration 400TL.<br>Second Paper: Early registration 250 TL, Late registration: 300 TL.<\/p>\n\n\n\n<p>Account Name: \u0130zmir Demokrasi \u00dcniversitesi G\u00fc\u00e7lendirme Vakf\u0131<\/p>\n\n\n\n<p>IBAN: TR27 0001 2009 7400 0016 0000 48<\/p>\n\n\n\n<p>Note: Please don&#8217;t forget to register in the system and upload your payment receipt by clicking the registration button below.<\/p>\n\n\n\n<p>Registration fee includes: Presentation of papers, online publication of symposium abstract and full text books, certificate of presentation, access to all sessions of symposium, coffee breaks, lunches*, other symposium tools (pen, notebook, symposium program).<\/p>\n\n\n\n<p>(*) Only one \u2013 and registered \u2013 participant can have lunch for each participation fee. Each additional participant must pay separately for lunch.<\/p>\n\n\n\n<div class=\"wp-block-file\"><a id=\"wp-block-file--media-56b3e92b-58de-4d1b-bc55-f7cf9bf19600\" href=\"http:\/\/idupem.idu.edu.tr\/wp-content\/uploads\/2022\/07\/IDUPEM22_abstract.docx\">IDUPEM22_abstract<\/a><a href=\"http:\/\/idupem.idu.edu.tr\/wp-content\/uploads\/2022\/07\/IDUPEM22_abstract.docx\" class=\"wp-block-file__button\" download aria-describedby=\"wp-block-file--media-56b3e92b-58de-4d1b-bc55-f7cf9bf19600\">\u0130ndir<\/a><\/div>\n\n\n\n<div class=\"wp-block-file\"><a id=\"wp-block-file--media-e51507cd-683f-4017-9c08-1eff03392b7b\" href=\"http:\/\/idupem.idu.edu.tr\/wp-content\/uploads\/2022\/07\/IDUPEM22_full_paper.docx\">IDUPEM22_full_paper<\/a><a href=\"http:\/\/idupem.idu.edu.tr\/wp-content\/uploads\/2022\/07\/IDUPEM22_full_paper.docx\" class=\"wp-block-file__button\" download aria-describedby=\"wp-block-file--media-e51507cd-683f-4017-9c08-1eff03392b7b\">\u0130ndir<\/a><\/div>\n\n\n\n<div class=\"wp-container-1 wp-block-buttons\">\n<div class=\"wp-block-button\"><a class=\"wp-block-button__link\" href=\"http:\/\/idupem.idu.edu.tr\/basvuru\">KAYIT<\/a><\/div>\n<\/div>\n\n\n\n<p><\/p>\n","protected":false},"excerpt":{"rendered":"<p>The symposium will be held in English and Turkish in Izmir Democracy University main campus, Izmir. In general, presentations will be realized face-to-face, but it will be possible to make online presentations (by Microsoft Teams) for participants from outside the city. Student sessions will be open to papers generated in the context of MSc and PhD thesis\/studies. Student sessions will be also open to BSc students who have studies supported by TUBITAK 2209-A and 2209-B programs.\u00a0Student sessions is limited with 40 papers. At least one of the authors of each accepted paper must register for the symposium. Registration fees are listed below: Ordinary session participants:Early registration 600 TL, Late registration 650TL (includes one paper).Second Paper:Early registration 350TL, Late registration 400TL.International Registration $50 Student session participants:In case all the authors of the papers are students, the registration fee: (If you will attend the student session, please indicate this in the &#8221;Optional Comments&#8221; section when submitting your paper.) Early registration 350TL, Late registration 400TL.Second Paper: Early registration 250 TL, Late registration: 300 TL. Account Name: \u0130zmir Demokrasi \u00dcniversitesi G\u00fc\u00e7lendirme Vakf\u0131 IBAN: TR27 0001 2009 7400 0016 0000 48 Note: Please don&#8217;t forget to register in the system and upload your payment receipt by clicking the registration button below. Registration fee includes: Presentation of papers, online publication of symposium abstract and full text books, certificate of presentation, access to all sessions of symposium, coffee breaks, lunches*, other symposium tools (pen, notebook, symposium program). (*) Only one \u2013 and registered \u2013 participant can have lunch for each participation fee. Each additional participant must pay separately for lunch.<\/p>\n","protected":false},"author":1,"featured_media":0,"parent":0,"menu_order":0,"comment_status":"closed","ping_status":"closed","template":"","meta":[],"yoast_head":"<!-- This site is optimized with the Yoast SEO plugin v19.8 - https:\/\/yoast.com\/wordpress\/plugins\/seo\/ -->\n<title>REGISTRATION - Landscape Planning and Design Research Symposium<\/title>\n<meta name=\"robots\" content=\"index, follow, max-snippet:-1, max-image-preview:large, max-video-preview:-1\" \/>\n<link rel=\"canonical\" href=\"https:\/\/idupem.idu.edu.tr\/registration\/\" \/>\n<meta property=\"og:locale\" content=\"en_US\" \/>\n<meta property=\"og:type\" content=\"article\" \/>\n<meta property=\"og:title\" content=\"REGISTRATION - Landscape Planning and Design Research Symposium\" \/>\n<meta property=\"og:description\" content=\"The symposium will be held in English and Turkish in Izmir Democracy University main campus, Izmir. In general, presentations will be realized face-to-face, but it will be possible to make online presentations (by Microsoft Teams) for participants from outside the city. Student sessions will be open to papers generated in the context of MSc and PhD thesis\/studies. Student sessions will be also open to BSc students who have studies supported by TUBITAK 2209-A and 2209-B programs.\u00a0Student sessions is limited with 40 papers. At least one of the authors of each accepted paper must register for the symposium. Registration fees are listed below: Ordinary session participants:Early registration 600 TL, Late registration 650TL (includes one paper).Second Paper:Early registration 350TL, Late registration 400TL.International Registration $50 Student session participants:In case all the authors of the papers are students, the registration fee: (If you will attend the student session, please indicate this in the &#8221;Optional Comments&#8221; section when submitting your paper.) Early registration 350TL, Late registration 400TL.Second Paper: Early registration 250 TL, Late registration: 300 TL. Account Name: \u0130zmir Demokrasi \u00dcniversitesi G\u00fc\u00e7lendirme Vakf\u0131 IBAN: TR27 0001 2009 7400 0016 0000 48 Note: Please don&#8217;t forget to register in the system and upload your payment receipt by clicking the registration button below. Registration fee includes: Presentation of papers, online publication of symposium abstract and full text books, certificate of presentation, access to all sessions of symposium, coffee breaks, lunches*, other symposium tools (pen, notebook, symposium program). (*) Only one \u2013 and registered \u2013 participant can have lunch for each participation fee. Each additional participant must pay separately for lunch.\" \/>\n<meta property=\"og:url\" content=\"https:\/\/idupem.idu.edu.tr\/registration\/\" \/>\n<meta property=\"og:site_name\" content=\"Landscape Planning and Design Research Symposium\" \/>\n<meta property=\"article:modified_time\" content=\"2022-10-02T18:04:22+00:00\" \/>\n<meta name=\"twitter:card\" content=\"summary_large_image\" \/>\n<meta name=\"twitter:label1\" content=\"Est. reading time\" \/>\n\t<meta name=\"twitter:data1\" content=\"1 minute\" \/>\n<script type=\"application\/ld+json\" class=\"yoast-schema-graph\">{\"@context\":\"https:\/\/schema.org\",\"@graph\":[{\"@type\":\"WebPage\",\"@id\":\"https:\/\/idupem.idu.edu.tr\/registration\/\",\"url\":\"https:\/\/idupem.idu.edu.tr\/registration\/\",\"name\":\"REGISTRATION - Landscape Planning and Design Research Symposium\",\"isPartOf\":{\"@id\":\"https:\/\/idupem.idu.edu.tr\/#website\"},\"datePublished\":\"2022-07-28T18:57:19+00:00\",\"dateModified\":\"2022-10-02T18:04:22+00:00\",\"breadcrumb\":{\"@id\":\"https:\/\/idupem.idu.edu.tr\/registration\/#breadcrumb\"},\"inLanguage\":\"en-US\",\"potentialAction\":[{\"@type\":\"ReadAction\",\"target\":[\"https:\/\/idupem.idu.edu.tr\/registration\/\"]}]},{\"@type\":\"BreadcrumbList\",\"@id\":\"https:\/\/idupem.idu.edu.tr\/registration\/#breadcrumb\",\"itemListElement\":[{\"@type\":\"ListItem\",\"position\":1,\"name\":\"Anasayfa\",\"item\":\"https:\/\/idupem.idu.edu.tr\/\"},{\"@type\":\"ListItem\",\"position\":2,\"name\":\"REGISTRATION\"}]},{\"@type\":\"WebSite\",\"@id\":\"https:\/\/idupem.idu.edu.tr\/#website\",\"url\":\"https:\/\/idupem.idu.edu.tr\/\",\"name\":\"Landscape Planning and Design Research Symposium\",\"description\":\"\",\"potentialAction\":[{\"@type\":\"SearchAction\",\"target\":{\"@type\":\"EntryPoint\",\"urlTemplate\":\"https:\/\/idupem.idu.edu.tr\/?s={search_term_string}\"},\"query-input\":\"required name=search_term_string\"}],\"inLanguage\":\"en-US\"}]}<\/script>\n<!-- \/ Yoast SEO plugin. -->","yoast_head_json":{"title":"REGISTRATION - Landscape Planning and Design Research Symposium","robots":{"index":"index","follow":"follow","max-snippet":"max-snippet:-1","max-image-preview":"max-image-preview:large","max-video-preview":"max-video-preview:-1"},"canonical":"https:\/\/idupem.idu.edu.tr\/registration\/","og_locale":"en_US","og_type":"article","og_title":"REGISTRATION - Landscape Planning and Design Research Symposium","og_description":"The symposium will be held in English and Turkish in Izmir Democracy University main campus, Izmir. In general, presentations will be realized face-to-face, but it will be possible to make online presentations (by Microsoft Teams) for participants from outside the city. Student sessions will be open to papers generated in the context of MSc and PhD thesis\/studies. Student sessions will be also open to BSc students who have studies supported by TUBITAK 2209-A and 2209-B programs.\u00a0Student sessions is limited with 40 papers. At least one of the authors of each accepted paper must register for the symposium. Registration fees are listed below: Ordinary session participants:Early registration 600 TL, Late registration 650TL (includes one paper).Second Paper:Early registration 350TL, Late registration 400TL.International Registration $50 Student session participants:In case all the authors of the papers are students, the registration fee: (If you will attend the student session, please indicate this in the &#8221;Optional Comments&#8221; section when submitting your paper.) Early registration 350TL, Late registration 400TL.Second Paper: Early registration 250 TL, Late registration: 300 TL. Account Name: \u0130zmir Demokrasi \u00dcniversitesi G\u00fc\u00e7lendirme Vakf\u0131 IBAN: TR27 0001 2009 7400 0016 0000 48 Note: Please don&#8217;t forget to register in the system and upload your payment receipt by clicking the registration button below. Registration fee includes: Presentation of papers, online publication of symposium abstract and full text books, certificate of presentation, access to all sessions of symposium, coffee breaks, lunches*, other symposium tools (pen, notebook, symposium program). (*) Only one \u2013 and registered \u2013 participant can have lunch for each participation fee. Each additional participant must pay separately for lunch.","og_url":"https:\/\/idupem.idu.edu.tr\/registration\/","og_site_name":"Landscape Planning and Design Research Symposium","article_modified_time":"2022-10-02T18:04:22+00:00","twitter_card":"summary_large_image","twitter_misc":{"Est. reading time":"1 minute"},"schema":{"@context":"https:\/\/schema.org","@graph":[{"@type":"WebPage","@id":"https:\/\/idupem.idu.edu.tr\/registration\/","url":"https:\/\/idupem.idu.edu.tr\/registration\/","name":"REGISTRATION - Landscape Planning and Design Research Symposium","isPartOf":{"@id":"https:\/\/idupem.idu.edu.tr\/#website"},"datePublished":"2022-07-28T18:57:19+00:00","dateModified":"2022-10-02T18:04:22+00:00","breadcrumb":{"@id":"https:\/\/idupem.idu.edu.tr\/registration\/#breadcrumb"},"inLanguage":"en-US","potentialAction":[{"@type":"ReadAction","target":["https:\/\/idupem.idu.edu.tr\/registration\/"]}]},{"@type":"BreadcrumbList","@id":"https:\/\/idupem.idu.edu.tr\/registration\/#breadcrumb","itemListElement":[{"@type":"ListItem","position":1,"name":"Anasayfa","item":"https:\/\/idupem.idu.edu.tr\/"},{"@type":"ListItem","position":2,"name":"REGISTRATION"}]},{"@type":"WebSite","@id":"https:\/\/idupem.idu.edu.tr\/#website","url":"https:\/\/idupem.idu.edu.tr\/","name":"Landscape Planning and Design Research Symposium","description":"","potentialAction":[{"@type":"SearchAction","target":{"@type":"EntryPoint","urlTemplate":"https:\/\/idupem.idu.edu.tr\/?s={search_term_string}"},"query-input":"required name=search_term_string"}],"inLanguage":"en-US"}]}},"_links":{"self":[{"href":"https:\/\/idupem.idu.edu.tr\/en\/wp-json\/wp\/v2\/pages\/296"}],"collection":[{"href":"https:\/\/idupem.idu.edu.tr\/en\/wp-json\/wp\/v2\/pages"}],"about":[{"href":"https:\/\/idupem.idu.edu.tr\/en\/wp-json\/wp\/v2\/types\/page"}],"author":[{"embeddable":true,"href":"https:\/\/idupem.idu.edu.tr\/en\/wp-json\/wp\/v2\/users\/1"}],"replies":[{"embeddable":true,"href":"https:\/\/idupem.idu.edu.tr\/en\/wp-json\/wp\/v2\/comments?post=296"}],"version-history":[{"count":29,"href":"https:\/\/idupem.idu.edu.tr\/en\/wp-json\/wp\/v2\/pages\/296\/revisions"}],"predecessor-version":[{"id":398,"href":"https:\/\/idupem.idu.edu.tr\/en\/wp-json\/wp\/v2\/pages\/296\/revisions\/398"}],"wp:attachment":[{"href":"https:\/\/idupem.idu.edu.tr\/en\/wp-json\/wp\/v2\/media?parent=296"}],"curies":[{"name":"wp","href":"https:\/\/api.w.org\/{rel}","templated":true}]}}