{"id":35,"date":"2022-05-09T09:22:42","date_gmt":"2022-05-09T09:22:42","guid":{"rendered":"http:\/\/idusagok.idu.edu.tr\/?page_id=35"},"modified":"2022-12-01T19:09:05","modified_gmt":"2022-12-01T19:09:05","slug":"onemli-tarihler","status":"publish","type":"page","link":"https:\/\/idupem.idu.edu.tr\/en\/onemli-tarihler\/","title":{"rendered":"ORGANIZING COMMITTEE"},"content":{"rendered":"<p><strong>President<\/strong><\/p>\r\n\r\n\r\n\r\n<ul><li>Prof. Dr. Bedriye TUN\u00c7S\u0130PER (Rector of Izmir Democracy University)<\/li><\/ul>\r\n\r\n\r\n\r\n<p><strong>Organizing Comittee<\/strong><\/p>\r\n\r\n\r\n\r\n<ul><li>Prof. Dr. Hakan DOYGUN<\/li><li>Assoc. Prof. Dr. Asl\u0131 G\u00dcNE\u015e G\u00d6LBEY<\/li><li>Assoc. Prof. Dr. Nurdan ERDO\u011eAN<\/li><li>Assoc. Prof. Dr. Birsen KESG\u0130N ATAK<\/li><li>Res. Assist. Esra Melis Y\u00dcKSEL<\/li><\/ul>\r\n\r\n\r\n\r\n<p><strong>Secretariat<\/strong><\/p>\r\n\r\n\r\n\r\n<ul><li>Res. Assist. Esra Melis Y\u00dcKSEL (Izmir Democracy Un\u0131versity)<\/li><li>Ay\u015fenur KAYLI (Izmir Democracy Un\u0131versity)<\/li><li>Ilgaz EK\u015e\u0130 (MSc) (Kar\u015f\u0131yaka Municipality)<\/li><\/ul>","protected":false},"excerpt":{"rendered":"<p>President Prof. Dr. Bedriye TUN\u00c7S\u0130PER (Rector of Izmir Democracy University) Organizing Comittee Prof. Dr. Hakan DOYGUN Assoc. Prof. Dr. Asl\u0131 G\u00dcNE\u015e G\u00d6LBEY Assoc. Prof. Dr. Nurdan ERDO\u011eAN Assoc. Prof. Dr. Birsen KESG\u0130N ATAK Res. Assist. Esra Melis Y\u00dcKSEL Secretariat Res. Assist. Esra Melis Y\u00dcKSEL (Izmir Democracy Un\u0131versity) Ay\u015fenur KAYLI (Izmir Democracy Un\u0131versity) Ilgaz EK\u015e\u0130 (MSc) (Kar\u015f\u0131yaka Municipality)<\/p>\n","protected":false},"author":1,"featured_media":0,"parent":0,"menu_order":0,"comment_status":"closed","ping_status":"closed","template":"","meta":[],"yoast_head":"<!-- This site is optimized with the Yoast SEO plugin v19.8 - https:\/\/yoast.com\/wordpress\/plugins\/seo\/ -->\n<title>ORGANIZING COMMITTEE - Landscape Planning and Design Research Symposium<\/title>\n<meta name=\"robots\" content=\"index, follow, max-snippet:-1, max-image-preview:large, max-video-preview:-1\" \/>\n<link rel=\"canonical\" href=\"https:\/\/idupem.idu.edu.tr\/onemli-tarihler\/\" \/>\n<meta property=\"og:locale\" content=\"en_US\" \/>\n<meta property=\"og:type\" content=\"article\" \/>\n<meta property=\"og:title\" content=\"ORGANIZING COMMITTEE - Landscape Planning and Design Research Symposium\" \/>\n<meta property=\"og:description\" content=\"President Prof. Dr. Bedriye TUN\u00c7S\u0130PER (Rector of Izmir Democracy University) Organizing Comittee Prof. Dr. Hakan DOYGUN Assoc. Prof. Dr. Asl\u0131 G\u00dcNE\u015e G\u00d6LBEY Assoc. Prof. Dr. Nurdan ERDO\u011eAN Assoc. Prof. Dr. Birsen KESG\u0130N ATAK Res. Assist. Esra Melis Y\u00dcKSEL Secretariat Res. Assist. Esra Melis Y\u00dcKSEL (Izmir Democracy Un\u0131versity) Ay\u015fenur KAYLI (Izmir Democracy Un\u0131versity) Ilgaz EK\u015e\u0130 (MSc) (Kar\u015f\u0131yaka Municipality)\" \/>\n<meta property=\"og:url\" content=\"https:\/\/idupem.idu.edu.tr\/onemli-tarihler\/\" \/>\n<meta property=\"og:site_name\" content=\"Landscape Planning and Design Research Symposium\" \/>\n<meta property=\"article:modified_time\" content=\"2022-12-01T19:09:05+00:00\" \/>\n<meta name=\"twitter:card\" content=\"summary_large_image\" \/>\n<meta name=\"twitter:label1\" content=\"Est. reading time\" \/>\n\t<meta name=\"twitter:data1\" content=\"1 minute\" \/>\n<script type=\"application\/ld+json\" class=\"yoast-schema-graph\">{\"@context\":\"https:\/\/schema.org\",\"@graph\":[{\"@type\":\"WebPage\",\"@id\":\"https:\/\/idupem.idu.edu.tr\/onemli-tarihler\/\",\"url\":\"https:\/\/idupem.idu.edu.tr\/onemli-tarihler\/\",\"name\":\"ORGANIZING COMMITTEE - Landscape Planning and Design Research Symposium\",\"isPartOf\":{\"@id\":\"https:\/\/idupem.idu.edu.tr\/#website\"},\"datePublished\":\"2022-05-09T09:22:42+00:00\",\"dateModified\":\"2022-12-01T19:09:05+00:00\",\"breadcrumb\":{\"@id\":\"https:\/\/idupem.idu.edu.tr\/onemli-tarihler\/#breadcrumb\"},\"inLanguage\":\"en-US\",\"potentialAction\":[{\"@type\":\"ReadAction\",\"target\":[\"https:\/\/idupem.idu.edu.tr\/onemli-tarihler\/\"]}]},{\"@type\":\"BreadcrumbList\",\"@id\":\"https:\/\/idupem.idu.edu.tr\/onemli-tarihler\/#breadcrumb\",\"itemListElement\":[{\"@type\":\"ListItem\",\"position\":1,\"name\":\"Anasayfa\",\"item\":\"https:\/\/idupem.idu.edu.tr\/\"},{\"@type\":\"ListItem\",\"position\":2,\"name\":\"ORGANIZING COMMITTEE\"}]},{\"@type\":\"WebSite\",\"@id\":\"https:\/\/idupem.idu.edu.tr\/#website\",\"url\":\"https:\/\/idupem.idu.edu.tr\/\",\"name\":\"Landscape Planning and Design Research Symposium\",\"description\":\"\",\"potentialAction\":[{\"@type\":\"SearchAction\",\"target\":{\"@type\":\"EntryPoint\",\"urlTemplate\":\"https:\/\/idupem.idu.edu.tr\/?s={search_term_string}\"},\"query-input\":\"required name=search_term_string\"}],\"inLanguage\":\"en-US\"}]}<\/script>\n<!-- \/ Yoast SEO plugin. -->","yoast_head_json":{"title":"ORGANIZING COMMITTEE - Landscape Planning and Design Research Symposium","robots":{"index":"index","follow":"follow","max-snippet":"max-snippet:-1","max-image-preview":"max-image-preview:large","max-video-preview":"max-video-preview:-1"},"canonical":"https:\/\/idupem.idu.edu.tr\/onemli-tarihler\/","og_locale":"en_US","og_type":"article","og_title":"ORGANIZING COMMITTEE - Landscape Planning and Design Research Symposium","og_description":"President Prof. Dr. Bedriye TUN\u00c7S\u0130PER (Rector of Izmir Democracy University) Organizing Comittee Prof. Dr. Hakan DOYGUN Assoc. Prof. Dr. Asl\u0131 G\u00dcNE\u015e G\u00d6LBEY Assoc. Prof. Dr. Nurdan ERDO\u011eAN Assoc. Prof. Dr. Birsen KESG\u0130N ATAK Res. Assist. Esra Melis Y\u00dcKSEL Secretariat Res. Assist. Esra Melis Y\u00dcKSEL (Izmir Democracy Un\u0131versity) Ay\u015fenur KAYLI (Izmir Democracy Un\u0131versity) Ilgaz EK\u015e\u0130 (MSc) (Kar\u015f\u0131yaka Municipality)","og_url":"https:\/\/idupem.idu.edu.tr\/onemli-tarihler\/","og_site_name":"Landscape Planning and Design Research Symposium","article_modified_time":"2022-12-01T19:09:05+00:00","twitter_card":"summary_large_image","twitter_misc":{"Est. reading time":"1 minute"},"schema":{"@context":"https:\/\/schema.org","@graph":[{"@type":"WebPage","@id":"https:\/\/idupem.idu.edu.tr\/onemli-tarihler\/","url":"https:\/\/idupem.idu.edu.tr\/onemli-tarihler\/","name":"ORGANIZING COMMITTEE - Landscape Planning and Design Research Symposium","isPartOf":{"@id":"https:\/\/idupem.idu.edu.tr\/#website"},"datePublished":"2022-05-09T09:22:42+00:00","dateModified":"2022-12-01T19:09:05+00:00","breadcrumb":{"@id":"https:\/\/idupem.idu.edu.tr\/onemli-tarihler\/#breadcrumb"},"inLanguage":"en-US","potentialAction":[{"@type":"ReadAction","target":["https:\/\/idupem.idu.edu.tr\/onemli-tarihler\/"]}]},{"@type":"BreadcrumbList","@id":"https:\/\/idupem.idu.edu.tr\/onemli-tarihler\/#breadcrumb","itemListElement":[{"@type":"ListItem","position":1,"name":"Anasayfa","item":"https:\/\/idupem.idu.edu.tr\/"},{"@type":"ListItem","position":2,"name":"ORGANIZING COMMITTEE"}]},{"@type":"WebSite","@id":"https:\/\/idupem.idu.edu.tr\/#website","url":"https:\/\/idupem.idu.edu.tr\/","name":"Landscape Planning and Design Research Symposium","description":"","potentialAction":[{"@type":"SearchAction","target":{"@type":"EntryPoint","urlTemplate":"https:\/\/idupem.idu.edu.tr\/?s={search_term_string}"},"query-input":"required name=search_term_string"}],"inLanguage":"en-US"}]}},"_links":{"self":[{"href":"https:\/\/idupem.idu.edu.tr\/en\/wp-json\/wp\/v2\/pages\/35"}],"collection":[{"href":"https:\/\/idupem.idu.edu.tr\/en\/wp-json\/wp\/v2\/pages"}],"about":[{"href":"https:\/\/idupem.idu.edu.tr\/en\/wp-json\/wp\/v2\/types\/page"}],"author":[{"embeddable":true,"href":"https:\/\/idupem.idu.edu.tr\/en\/wp-json\/wp\/v2\/users\/1"}],"replies":[{"embeddable":true,"href":"https:\/\/idupem.idu.edu.tr\/en\/wp-json\/wp\/v2\/comments?post=35"}],"version-history":[{"count":12,"href":"https:\/\/idupem.idu.edu.tr\/en\/wp-json\/wp\/v2\/pages\/35\/revisions"}],"predecessor-version":[{"id":439,"href":"https:\/\/idupem.idu.edu.tr\/en\/wp-json\/wp\/v2\/pages\/35\/revisions\/439"}],"wp:attachment":[{"href":"https:\/\/idupem.idu.edu.tr\/en\/wp-json\/wp\/v2\/media?parent=35"}],"curies":[{"name":"wp","href":"https:\/\/api.w.org\/{rel}","templated":true}]}}