{"id":36,"date":"2022-05-09T09:22:42","date_gmt":"2022-05-09T09:22:42","guid":{"rendered":"http:\/\/idusagok.idu.edu.tr\/?page_id=36"},"modified":"2022-10-10T13:06:16","modified_gmt":"2022-10-10T13:06:16","slug":"yazim-kurallari","status":"publish","type":"page","link":"https:\/\/idupem.idu.edu.tr\/en\/yazim-kurallari\/","title":{"rendered":"SCIENTIFIC COMMITTEE"},"content":{"rendered":"\n<p>(In alphabetical order)<\/p>\n\n\n\n<ul><li>Prof. Dr. F\u00fcr\u00fczan ASLAN, K\u0131rklareli University, Turkey.<\/li><li>Assoc. Prof. Dr. Mustafa ARTAR, Bart\u0131n University, Turkey.<\/li><li>Prof. Dr. S\u00fcha BERBERO\u011eLU, Cukurova University, Turkey.<\/li><li>Prof. Dr. Sevgi G\u00d6RM\u00dc\u015e CENG\u0130Z, Inonu University, Turkey.<\/li><li>Prof. Dr. Alper \u00c7ABUK, Eskisehir Technical University, Turkey.<\/li><li>Assoc. Prof. Dr. Cenk D\u00d6NMEZ, Leibniz Center for Agricultural Landscape Research (ZALF), Germany.<\/li><li>Assoc. Prof. Dr. Mehmet Akif ERDO\u011eAN, Hatay Mustafa Kemal University, Turkey.<\/li><li>Prof. Dr. Atila G\u00dcL, Suleyman Demirel University, Turkey.<\/li><li>Prof. Dr. Latif G\u00fcrkan KAYA, Burdur Mehmet Akif Ersoy University, Turkey.<\/li><li>Prof. Dr. Engin NURLU, Ege University, Turkey.<\/li><li>Prof. Dr. Veli ORTA\u00c7E\u015eME, Akdeniz University, Turkey.<\/li><li>Assoc. Prof. Dr. Onur \u015eATIR, Van Yuzuncu Y\u0131l University, Turkey.<\/li><li>Assoc. Prof. Dr. An\u0131l AKIN TANRI\u00d6VER, Bursa Technical University, Turkey.<\/li><li>Assoc. Prof. Dr. Ebru ERSOY TONYALO\u011eLU, Ayd\u0131n Adnan Menderes University, Turkey.<\/li><li>Prof. Dr. Hayriye E\u015eBAH TUN\u00c7AY, Istanbul Technical University, Turkey.<\/li><li>Prof. Dr. Osman UZUN, Duzce University, Turkey.<\/li><li>Assoc. Prof. Dr. Emrah YAL\u00c7INALP, Karadeniz Technical University, Turkey.<\/li><li>Prof. Dr. O\u011fuz YILMAZ, Ankara University, Turkey.<\/li><li>Prof. Dr. Sevgi YILMAZ, Ataturk University, Turkey.<\/li><li>Prof. Dr. R\u00fcya YILMAZ, Tekirda\u011f University, Turkey.<\/li><li>Prof. Dr. Murat ZENG\u0130N, Pamukkale University, Turkey.<\/li><\/ul>\n","protected":false},"excerpt":{"rendered":"<p>(In alphabetical order) Prof. Dr. F\u00fcr\u00fczan ASLAN, K\u0131rklareli University, Turkey. Assoc. Prof. Dr. Mustafa ARTAR, Bart\u0131n University, Turkey. Prof. Dr. S\u00fcha BERBERO\u011eLU, Cukurova University, Turkey. Prof. Dr. Sevgi G\u00d6RM\u00dc\u015e CENG\u0130Z, Inonu University, Turkey. Prof. Dr. Alper \u00c7ABUK, Eskisehir Technical University, Turkey. Assoc. Prof. Dr. Cenk D\u00d6NMEZ, Leibniz Center for Agricultural Landscape Research (ZALF), Germany. Assoc. Prof. Dr. Mehmet Akif ERDO\u011eAN, Hatay Mustafa Kemal University, Turkey. Prof. Dr. Atila G\u00dcL, Suleyman Demirel University, Turkey. Prof. Dr. Latif G\u00fcrkan KAYA, Burdur Mehmet Akif Ersoy University, Turkey. Prof. Dr. Engin NURLU, Ege University, Turkey. Prof. Dr. Veli ORTA\u00c7E\u015eME, Akdeniz University, Turkey. Assoc. Prof. Dr. Onur \u015eATIR, Van Yuzuncu Y\u0131l University, Turkey. Assoc. Prof. Dr. An\u0131l AKIN TANRI\u00d6VER, Bursa Technical University, Turkey. Assoc. Prof. Dr. Ebru ERSOY TONYALO\u011eLU, Ayd\u0131n Adnan Menderes University, Turkey. Prof. Dr. Hayriye E\u015eBAH TUN\u00c7AY, Istanbul Technical University, Turkey. Prof. Dr. Osman UZUN, Duzce University, Turkey. Assoc. Prof. Dr. Emrah YAL\u00c7INALP, Karadeniz Technical University, Turkey. Prof. Dr. O\u011fuz YILMAZ, Ankara University, Turkey. Prof. Dr. Sevgi YILMAZ, Ataturk University, Turkey. Prof. Dr. R\u00fcya YILMAZ, Tekirda\u011f University, Turkey. Prof. Dr. Murat ZENG\u0130N, Pamukkale University, Turkey.<\/p>\n","protected":false},"author":1,"featured_media":0,"parent":0,"menu_order":2,"comment_status":"closed","ping_status":"closed","template":"","meta":[],"yoast_head":"<!-- This site is optimized with the Yoast SEO plugin v19.8 - https:\/\/yoast.com\/wordpress\/plugins\/seo\/ -->\n<title>SCIENTIFIC COMMITTEE - Landscape Planning and Design Research Symposium<\/title>\n<meta name=\"robots\" content=\"index, follow, max-snippet:-1, max-image-preview:large, max-video-preview:-1\" \/>\n<link rel=\"canonical\" href=\"https:\/\/idupem.idu.edu.tr\/yazim-kurallari\/\" \/>\n<meta property=\"og:locale\" content=\"en_US\" \/>\n<meta property=\"og:type\" content=\"article\" \/>\n<meta property=\"og:title\" content=\"SCIENTIFIC COMMITTEE - Landscape Planning and Design Research Symposium\" \/>\n<meta property=\"og:description\" content=\"(In alphabetical order) Prof. Dr. F\u00fcr\u00fczan ASLAN, K\u0131rklareli University, Turkey. Assoc. Prof. Dr. Mustafa ARTAR, Bart\u0131n University, Turkey. Prof. Dr. S\u00fcha BERBERO\u011eLU, Cukurova University, Turkey. Prof. Dr. Sevgi G\u00d6RM\u00dc\u015e CENG\u0130Z, Inonu University, Turkey. Prof. Dr. Alper \u00c7ABUK, Eskisehir Technical University, Turkey. Assoc. Prof. Dr. Cenk D\u00d6NMEZ, Leibniz Center for Agricultural Landscape Research (ZALF), Germany. Assoc. Prof. Dr. Mehmet Akif ERDO\u011eAN, Hatay Mustafa Kemal University, Turkey. Prof. Dr. Atila G\u00dcL, Suleyman Demirel University, Turkey. Prof. Dr. Latif G\u00fcrkan KAYA, Burdur Mehmet Akif Ersoy University, Turkey. Prof. Dr. Engin NURLU, Ege University, Turkey. Prof. Dr. Veli ORTA\u00c7E\u015eME, Akdeniz University, Turkey. Assoc. Prof. Dr. Onur \u015eATIR, Van Yuzuncu Y\u0131l University, Turkey. Assoc. Prof. Dr. An\u0131l AKIN TANRI\u00d6VER, Bursa Technical University, Turkey. Assoc. Prof. Dr. Ebru ERSOY TONYALO\u011eLU, Ayd\u0131n Adnan Menderes University, Turkey. Prof. Dr. Hayriye E\u015eBAH TUN\u00c7AY, Istanbul Technical University, Turkey. Prof. Dr. Osman UZUN, Duzce University, Turkey. Assoc. Prof. Dr. Emrah YAL\u00c7INALP, Karadeniz Technical University, Turkey. Prof. Dr. O\u011fuz YILMAZ, Ankara University, Turkey. Prof. Dr. Sevgi YILMAZ, Ataturk University, Turkey. Prof. Dr. R\u00fcya YILMAZ, Tekirda\u011f University, Turkey. Prof. Dr. Murat ZENG\u0130N, Pamukkale University, Turkey.\" \/>\n<meta property=\"og:url\" content=\"https:\/\/idupem.idu.edu.tr\/yazim-kurallari\/\" \/>\n<meta property=\"og:site_name\" content=\"Landscape Planning and Design Research Symposium\" \/>\n<meta property=\"article:modified_time\" content=\"2022-10-10T13:06:16+00:00\" \/>\n<meta name=\"twitter:card\" content=\"summary_large_image\" \/>\n<meta name=\"twitter:label1\" content=\"Est. reading time\" \/>\n\t<meta name=\"twitter:data1\" content=\"1 minute\" \/>\n<script type=\"application\/ld+json\" class=\"yoast-schema-graph\">{\"@context\":\"https:\/\/schema.org\",\"@graph\":[{\"@type\":\"WebPage\",\"@id\":\"https:\/\/idupem.idu.edu.tr\/yazim-kurallari\/\",\"url\":\"https:\/\/idupem.idu.edu.tr\/yazim-kurallari\/\",\"name\":\"SCIENTIFIC COMMITTEE - Landscape Planning and Design Research Symposium\",\"isPartOf\":{\"@id\":\"https:\/\/idupem.idu.edu.tr\/#website\"},\"datePublished\":\"2022-05-09T09:22:42+00:00\",\"dateModified\":\"2022-10-10T13:06:16+00:00\",\"breadcrumb\":{\"@id\":\"https:\/\/idupem.idu.edu.tr\/yazim-kurallari\/#breadcrumb\"},\"inLanguage\":\"en-US\",\"potentialAction\":[{\"@type\":\"ReadAction\",\"target\":[\"https:\/\/idupem.idu.edu.tr\/yazim-kurallari\/\"]}]},{\"@type\":\"BreadcrumbList\",\"@id\":\"https:\/\/idupem.idu.edu.tr\/yazim-kurallari\/#breadcrumb\",\"itemListElement\":[{\"@type\":\"ListItem\",\"position\":1,\"name\":\"Anasayfa\",\"item\":\"https:\/\/idupem.idu.edu.tr\/\"},{\"@type\":\"ListItem\",\"position\":2,\"name\":\"SCIENTIFIC COMMITTEE\"}]},{\"@type\":\"WebSite\",\"@id\":\"https:\/\/idupem.idu.edu.tr\/#website\",\"url\":\"https:\/\/idupem.idu.edu.tr\/\",\"name\":\"Landscape Planning and Design Research Symposium\",\"description\":\"\",\"potentialAction\":[{\"@type\":\"SearchAction\",\"target\":{\"@type\":\"EntryPoint\",\"urlTemplate\":\"https:\/\/idupem.idu.edu.tr\/?s={search_term_string}\"},\"query-input\":\"required name=search_term_string\"}],\"inLanguage\":\"en-US\"}]}<\/script>\n<!-- \/ Yoast SEO plugin. -->","yoast_head_json":{"title":"SCIENTIFIC COMMITTEE - Landscape Planning and Design Research Symposium","robots":{"index":"index","follow":"follow","max-snippet":"max-snippet:-1","max-image-preview":"max-image-preview:large","max-video-preview":"max-video-preview:-1"},"canonical":"https:\/\/idupem.idu.edu.tr\/yazim-kurallari\/","og_locale":"en_US","og_type":"article","og_title":"SCIENTIFIC COMMITTEE - Landscape Planning and Design Research Symposium","og_description":"(In alphabetical order) Prof. Dr. F\u00fcr\u00fczan ASLAN, K\u0131rklareli University, Turkey. Assoc. Prof. Dr. Mustafa ARTAR, Bart\u0131n University, Turkey. Prof. Dr. S\u00fcha BERBERO\u011eLU, Cukurova University, Turkey. Prof. Dr. Sevgi G\u00d6RM\u00dc\u015e CENG\u0130Z, Inonu University, Turkey. Prof. Dr. Alper \u00c7ABUK, Eskisehir Technical University, Turkey. Assoc. Prof. Dr. Cenk D\u00d6NMEZ, Leibniz Center for Agricultural Landscape Research (ZALF), Germany. Assoc. Prof. Dr. Mehmet Akif ERDO\u011eAN, Hatay Mustafa Kemal University, Turkey. Prof. Dr. Atila G\u00dcL, Suleyman Demirel University, Turkey. Prof. Dr. Latif G\u00fcrkan KAYA, Burdur Mehmet Akif Ersoy University, Turkey. Prof. Dr. Engin NURLU, Ege University, Turkey. Prof. Dr. Veli ORTA\u00c7E\u015eME, Akdeniz University, Turkey. Assoc. Prof. Dr. Onur \u015eATIR, Van Yuzuncu Y\u0131l University, Turkey. Assoc. Prof. Dr. An\u0131l AKIN TANRI\u00d6VER, Bursa Technical University, Turkey. Assoc. Prof. Dr. Ebru ERSOY TONYALO\u011eLU, Ayd\u0131n Adnan Menderes University, Turkey. Prof. Dr. Hayriye E\u015eBAH TUN\u00c7AY, Istanbul Technical University, Turkey. Prof. Dr. Osman UZUN, Duzce University, Turkey. Assoc. Prof. Dr. Emrah YAL\u00c7INALP, Karadeniz Technical University, Turkey. Prof. Dr. O\u011fuz YILMAZ, Ankara University, Turkey. Prof. Dr. Sevgi YILMAZ, Ataturk University, Turkey. Prof. Dr. R\u00fcya YILMAZ, Tekirda\u011f University, Turkey. Prof. Dr. Murat ZENG\u0130N, Pamukkale University, Turkey.","og_url":"https:\/\/idupem.idu.edu.tr\/yazim-kurallari\/","og_site_name":"Landscape Planning and Design Research Symposium","article_modified_time":"2022-10-10T13:06:16+00:00","twitter_card":"summary_large_image","twitter_misc":{"Est. reading time":"1 minute"},"schema":{"@context":"https:\/\/schema.org","@graph":[{"@type":"WebPage","@id":"https:\/\/idupem.idu.edu.tr\/yazim-kurallari\/","url":"https:\/\/idupem.idu.edu.tr\/yazim-kurallari\/","name":"SCIENTIFIC COMMITTEE - Landscape Planning and Design Research Symposium","isPartOf":{"@id":"https:\/\/idupem.idu.edu.tr\/#website"},"datePublished":"2022-05-09T09:22:42+00:00","dateModified":"2022-10-10T13:06:16+00:00","breadcrumb":{"@id":"https:\/\/idupem.idu.edu.tr\/yazim-kurallari\/#breadcrumb"},"inLanguage":"en-US","potentialAction":[{"@type":"ReadAction","target":["https:\/\/idupem.idu.edu.tr\/yazim-kurallari\/"]}]},{"@type":"BreadcrumbList","@id":"https:\/\/idupem.idu.edu.tr\/yazim-kurallari\/#breadcrumb","itemListElement":[{"@type":"ListItem","position":1,"name":"Anasayfa","item":"https:\/\/idupem.idu.edu.tr\/"},{"@type":"ListItem","position":2,"name":"SCIENTIFIC COMMITTEE"}]},{"@type":"WebSite","@id":"https:\/\/idupem.idu.edu.tr\/#website","url":"https:\/\/idupem.idu.edu.tr\/","name":"Landscape Planning and Design Research Symposium","description":"","potentialAction":[{"@type":"SearchAction","target":{"@type":"EntryPoint","urlTemplate":"https:\/\/idupem.idu.edu.tr\/?s={search_term_string}"},"query-input":"required name=search_term_string"}],"inLanguage":"en-US"}]}},"_links":{"self":[{"href":"https:\/\/idupem.idu.edu.tr\/en\/wp-json\/wp\/v2\/pages\/36"}],"collection":[{"href":"https:\/\/idupem.idu.edu.tr\/en\/wp-json\/wp\/v2\/pages"}],"about":[{"href":"https:\/\/idupem.idu.edu.tr\/en\/wp-json\/wp\/v2\/types\/page"}],"author":[{"embeddable":true,"href":"https:\/\/idupem.idu.edu.tr\/en\/wp-json\/wp\/v2\/users\/1"}],"replies":[{"embeddable":true,"href":"https:\/\/idupem.idu.edu.tr\/en\/wp-json\/wp\/v2\/comments?post=36"}],"version-history":[{"count":13,"href":"https:\/\/idupem.idu.edu.tr\/en\/wp-json\/wp\/v2\/pages\/36\/revisions"}],"predecessor-version":[{"id":400,"href":"https:\/\/idupem.idu.edu.tr\/en\/wp-json\/wp\/v2\/pages\/36\/revisions\/400"}],"wp:attachment":[{"href":"https:\/\/idupem.idu.edu.tr\/en\/wp-json\/wp\/v2\/media?parent=36"}],"curies":[{"name":"wp","href":"https:\/\/api.w.org\/{rel}","templated":true}]}}